{"id":104,"date":"2025-12-07T00:59:23","date_gmt":"2025-12-07T00:59:23","guid":{"rendered":"https:\/\/chaledaspedraspb.com.br\/?page_id=104"},"modified":"2025-12-19T14:11:43","modified_gmt":"2025-12-19T14:11:43","slug":"a-pedra-da-boca","status":"publish","type":"page","link":"https:\/\/chaledaspedraspb.com.br\/en\/a-pedra-da-boca\/","title":{"rendered":"A Pedra da Boca"},"content":{"rendered":"<div data-elementor-type=\"wp-page\" data-elementor-id=\"104\" class=\"elementor elementor-104\" data-elementor-post-type=\"page\">\n\t\t\t\t<div class=\"elementor-element elementor-element-50977ab e-flex e-con-boxed e-con e-parent\" data-id=\"50977ab\" data-element_type=\"container\" data-e-type=\"container\" data-settings=\"{&quot;background_background&quot;:&quot;classic&quot;,&quot;jet_parallax_layout_list&quot;:[]}\">\n\t\t\t\t\t<div class=\"e-con-inner\">\n\t\t\t\t<div class=\"elementor-element elementor-element-8815d2e elementor-widget elementor-widget-woocommerce-breadcrumb\" data-id=\"8815d2e\" data-element_type=\"widget\" data-e-type=\"widget\" data-widget_type=\"woocommerce-breadcrumb.default\">\n\t\t\t\t\t<nav class=\"woocommerce-breadcrumb\" aria-label=\"Breadcrumb\" data-no-translation=\"\" data-trp-gettext=\"\">Home<\/nav>\t\t\t\t<\/div>\n\t\t\t\t\t<\/div>\n\t\t\t\t<\/div>\n\t\t<div class=\"elementor-element elementor-element-495a42d e-flex e-con-boxed e-con e-parent\" data-id=\"495a42d\" data-element_type=\"container\" data-e-type=\"container\" data-settings=\"{&quot;jet_parallax_layout_list&quot;:[]}\">\n\t\t\t\t\t<div class=\"e-con-inner\">\n\t\t<div class=\"elementor-element elementor-element-66be36c e-con-full e-flex e-con e-child\" data-id=\"66be36c\" data-element_type=\"container\" data-e-type=\"container\" data-settings=\"{&quot;jet_parallax_layout_list&quot;:[]}\">\n\t\t\t\t<div class=\"elementor-element elementor-element-5c0fe0e elementor-widget elementor-widget-heading\" data-id=\"5c0fe0e\" data-element_type=\"widget\" data-e-type=\"widget\" data-widget_type=\"heading.default\">\n\t\t\t\t\t<h2 class=\"elementor-heading-title elementor-size-default\">AGRESTE PARAIBANO<\/h2>\t\t\t\t<\/div>\n\t\t\t\t<div class=\"elementor-element elementor-element-15b4fe5 elementor-widget__width-initial elementor-widget elementor-widget-heading\" data-id=\"15b4fe5\" data-element_type=\"widget\" data-e-type=\"widget\" data-widget_type=\"heading.default\">\n\t\t\t\t\t<h2 class=\"elementor-heading-title elementor-size-default\">A Pedra da Boca: o s\u00edmbolo do Agreste Paraibano\n<\/h2>\t\t\t\t<\/div>\n\t\t\t\t<div class=\"elementor-element elementor-element-d03500d elementor-widget__width-initial elementor-widget elementor-widget-text-editor\" data-id=\"d03500d\" data-element_type=\"widget\" data-e-type=\"widget\" data-widget_type=\"text-editor.default\">\n\t\t\t\t\t\t\t\t\t<p>A poucos minutos do Chal\u00e9 das Pedras, ergue-se um dos cen\u00e1rios mais impressionantes do Nordeste: a Pedra da Boca. Com aproximadamente 336 metros de altura, essa forma\u00e7\u00e3o rochosa monumental d\u00e1 nome ao Parque Estadual da Pedra da Boca, uma \u00e1rea de preserva\u00e7\u00e3o ambiental que guarda parte da beleza bruta e intocada do Agreste Paraibano.<br \/><br \/>Seu nome vem de uma curiosa cavidade natural esculpida pela eros\u00e3o, que se assemelha a uma boca aberta, detalhe que, visto de longe, parece dar vida \u00e0 montanha.<br \/><br \/>Mais do que uma paisagem, a Pedra da Boca \u00e9 um convite \u00e0 aventura.<\/p>\t\t\t\t\t\t\t\t<\/div>\n\t\t\t\t<\/div>\n\t\t<div class=\"elementor-element elementor-element-9e8ba5a e-con-full container-principal e-flex e-con e-child\" data-id=\"9e8ba5a\" data-element_type=\"container\" data-e-type=\"container\" data-settings=\"{&quot;jet_parallax_layout_list&quot;:[]}\">\n\t\t<div class=\"elementor-element elementor-element-6506aa2 e-con-full e-flex e-con e-child\" data-id=\"6506aa2\" data-element_type=\"container\" data-e-type=\"container\" data-settings=\"{&quot;jet_parallax_layout_list&quot;:[],&quot;background_background&quot;:&quot;classic&quot;}\">\n\t\t\t\t<div class=\"elementor-element elementor-element-a4365e5 elementor-widget elementor-widget-image\" data-id=\"a4365e5\" data-element_type=\"widget\" data-e-type=\"widget\" data-widget_type=\"image.default\">\n\t\t\t\t\t\t\t\t\t\t\t\t\t\t\t<img alt=\"\" fetchpriority=\"high\" decoding=\"async\" width=\"319\" height=\"512\" src=\"https:\/\/chaledaspedraspb.com.br\/wp-content\/uploads\/2025\/12\/Rectangle-32-1.avif\" class=\"attachment-large size-large wp-image-1523\" srcset=\"https:\/\/chaledaspedraspb.com.br\/wp-content\/uploads\/2025\/12\/Rectangle-32-1.avif 319w, https:\/\/chaledaspedraspb.com.br\/wp-content\/uploads\/2025\/12\/Rectangle-32-1-187x300.avif 187w, https:\/\/chaledaspedraspb.com.br\/wp-content\/uploads\/2025\/12\/Rectangle-32-1-7x12.avif 7w\" sizes=\"(max-width: 319px) 100vw, 319px\" \/>\t\t\t\t\t\t\t\t\t\t\t\t\t\t\t<\/div>\n\t\t\t\t<\/div>\n\t\t<div class=\"elementor-element elementor-element-bc6f380 e-con-full e-flex e-con e-child\" data-id=\"bc6f380\" data-element_type=\"container\" data-e-type=\"container\" data-settings=\"{&quot;jet_parallax_layout_list&quot;:[],&quot;background_background&quot;:&quot;classic&quot;}\">\n\t\t\t\t<div class=\"elementor-element elementor-element-eb16719 elementor-widget elementor-widget-image\" data-id=\"eb16719\" data-element_type=\"widget\" data-e-type=\"widget\" data-widget_type=\"image.default\">\n\t\t\t\t\t\t\t\t\t\t\t\t\t\t\t<img alt=\"\" decoding=\"async\" width=\"319\" height=\"512\" src=\"https:\/\/chaledaspedraspb.com.br\/wp-content\/uploads\/2025\/12\/Rectangle-37.jpg\" class=\"attachment-large size-large wp-image-1538\" srcset=\"https:\/\/chaledaspedraspb.com.br\/wp-content\/uploads\/2025\/12\/Rectangle-37.jpg 319w, https:\/\/chaledaspedraspb.com.br\/wp-content\/uploads\/2025\/12\/Rectangle-37-187x300.jpg 187w, https:\/\/chaledaspedraspb.com.br\/wp-content\/uploads\/2025\/12\/Rectangle-37-7x12.jpg 7w\" sizes=\"(max-width: 319px) 100vw, 319px\" \/>\t\t\t\t\t\t\t\t\t\t\t\t\t\t\t<\/div>\n\t\t\t\t<\/div>\n\t\t\t\t<\/div>\n\t\t\t\t\t<\/div>\n\t\t\t\t<\/div>\n\t\t<div class=\"elementor-element elementor-element-cbe2872 e-flex e-con-boxed e-con e-parent\" data-id=\"cbe2872\" data-element_type=\"container\" data-e-type=\"container\" data-settings=\"{&quot;jet_parallax_layout_list&quot;:[]}\">\n\t\t\t\t\t<div class=\"e-con-inner\">\n\t\t<div class=\"elementor-element elementor-element-d59f171 e-con-full e-flex e-con e-child\" data-id=\"d59f171\" data-element_type=\"container\" data-e-type=\"container\" data-settings=\"{&quot;jet_parallax_layout_list&quot;:[]}\">\n\t\t\t\t<div class=\"elementor-element elementor-element-4598e5d elementor-widget__width-initial elementor-widget elementor-widget-heading\" data-id=\"4598e5d\" data-element_type=\"widget\" data-e-type=\"widget\" data-widget_type=\"heading.default\">\n\t\t\t\t\t<h2 class=\"elementor-heading-title elementor-size-default\">Trilhas, esportes e p\u00f4r do sol inesquec\u00edvel<\/h2>\t\t\t\t<\/div>\n\t\t\t\t<div class=\"elementor-element elementor-element-cc587be elementor-widget__width-initial elementor-widget elementor-widget-text-editor\" data-id=\"cc587be\" data-element_type=\"widget\" data-e-type=\"widget\" data-widget_type=\"text-editor.default\">\n\t\t\t\t\t\t\t\t\t<p><span style=\"font-weight: 400;\">O parque \u00e9 conhecido por ser um dos <\/span><b>principais destinos de ecoturismo da Para\u00edba<\/b><span style=\"font-weight: 400;\">, atraindo visitantes de todo o Brasil que buscam <\/span><b>trilhas, rapel, escalada, tirolesa<\/b><span style=\"font-weight: 400;\"> e <\/span><b>voo livre<\/b><span style=\"font-weight: 400;\">. Entre pared\u00f5es, mirantes e vales, o cen\u00e1rio \u00e9 ideal para quem deseja sentir a for\u00e7a da natureza e viver experi\u00eancias aut\u00eanticas ao ar livre.<\/span><\/p><p><span style=\"font-weight: 400;\">Al\u00e9m das pr\u00e1ticas esportivas, o local tamb\u00e9m oferece momentos de contempla\u00e7\u00e3o e descanso, especialmente ao p\u00f4r do sol, quando o horizonte avermelhado se mistura ao tom das pedras e transforma o parque em um espet\u00e1culo natural.<\/span><\/p><p>Seu nome vem de uma curiosa cavidade natural esculpida pela eros\u00e3o, que se assemelha a uma boca aberta, detalhe que, visto de longe, parece dar vida \u00e0 montanha.<\/p><p>Mais do que uma paisagem, a Pedra da Boca \u00e9 um convite \u00e0 aventura.<\/p>\t\t\t\t\t\t\t\t<\/div>\n\t\t\t\t<\/div>\n\t\t<div class=\"elementor-element elementor-element-1b4ccfe e-con-full container-principal e-flex e-con e-child\" data-id=\"1b4ccfe\" data-element_type=\"container\" data-e-type=\"container\" data-settings=\"{&quot;jet_parallax_layout_list&quot;:[]}\">\n\t\t<div class=\"elementor-element elementor-element-fb47978 e-con-full e-flex e-con e-child\" data-id=\"fb47978\" data-element_type=\"container\" data-e-type=\"container\" data-settings=\"{&quot;jet_parallax_layout_list&quot;:[],&quot;background_background&quot;:&quot;classic&quot;}\">\n\t\t\t\t<div class=\"elementor-element elementor-element-ea23881 elementor-widget elementor-widget-image\" data-id=\"ea23881\" data-element_type=\"widget\" data-e-type=\"widget\" data-widget_type=\"image.default\">\n\t\t\t\t\t\t\t\t\t\t\t\t\t\t\t<img alt=\"\" decoding=\"async\" width=\"556\" height=\"516\" src=\"https:\/\/chaledaspedraspb.com.br\/wp-content\/uploads\/2025\/12\/Rectangle-23.avif\" class=\"attachment-large size-large wp-image-1522\" srcset=\"https:\/\/chaledaspedraspb.com.br\/wp-content\/uploads\/2025\/12\/Rectangle-23.avif 556w, https:\/\/chaledaspedraspb.com.br\/wp-content\/uploads\/2025\/12\/Rectangle-23-300x278.avif 300w, https:\/\/chaledaspedraspb.com.br\/wp-content\/uploads\/2025\/12\/Rectangle-23-13x12.avif 13w\" sizes=\"(max-width: 556px) 100vw, 556px\" \/>\t\t\t\t\t\t\t\t\t\t\t\t\t\t\t<\/div>\n\t\t\t\t<\/div>\n\t\t\t\t<\/div>\n\t\t\t\t\t<\/div>\n\t\t\t\t<\/div>\n\t\t<div class=\"elementor-element elementor-element-05273e4 e-flex e-con-boxed e-con e-parent\" data-id=\"05273e4\" data-element_type=\"container\" data-e-type=\"container\" data-settings=\"{&quot;jet_parallax_layout_list&quot;:[]}\">\n\t\t\t\t\t<div class=\"e-con-inner\">\n\t\t<div class=\"elementor-element elementor-element-1fb5668 e-con-full e-flex e-con e-child\" data-id=\"1fb5668\" data-element_type=\"container\" data-e-type=\"container\" data-settings=\"{&quot;jet_parallax_layout_list&quot;:[]}\">\n\t\t\t\t<div class=\"elementor-element elementor-element-230a164 elementor-widget__width-initial elementor-widget elementor-widget-heading\" data-id=\"230a164\" data-element_type=\"widget\" data-e-type=\"widget\" data-widget_type=\"heading.default\">\n\t\t\t\t\t<h2 class=\"elementor-heading-title elementor-size-default\">Chal\u00e9 das Pedras: inspirado pela Pedra da Boca<\/h2>\t\t\t\t<\/div>\n\t\t\t\t<div class=\"elementor-element elementor-element-29cc962 elementor-widget__width-initial elementor-widget elementor-widget-text-editor\" data-id=\"29cc962\" data-element_type=\"widget\" data-e-type=\"widget\" data-widget_type=\"text-editor.default\">\n\t\t\t\t\t\t\t\t\t<p>A Pedra da Boca \u00e9, para Araruna, o que o mar \u00e9 para o litoral: um s\u00edmbolo de identidade, beleza e encontro.<\/p><p><br \/>E \u00e9 em homenagem a ela que nasceu o Chal\u00e9 das Pedras, um ref\u00fagio que carrega o mesmo esp\u00edrito da montanha: imponente, acolhedor e profundamente conectado com o natural.<\/p>\t\t\t\t\t\t\t\t<\/div>\n\t\t\t\t<div class=\"elementor-element elementor-element-1fe2f5c elementor-widget elementor-widget-jet-button\" data-id=\"1fe2f5c\" data-element_type=\"widget\" data-e-type=\"widget\" data-widget_type=\"jet-button.default\">\n\t\t\t\t<div class=\"elementor-widget-container\">\n\t\t\t\t\t<div class=\"elementor-jet-button jet-elements\"><div class=\"jet-button__container\">\n\t<a class=\"jet-button__instance jet-button__instance--icon-left hover-effect-0\" href=\"https:\/\/chaledaspedraspb.com.br\/en\/chales\/\">\n\t\t<div class=\"jet-button__plane jet-button__plane-normal\"><\/div>\n\t\t<div class=\"jet-button__plane jet-button__plane-hover\"><\/div>\n\t\t<div class=\"jet-button__state jet-button__state-normal\">\n\t\t\t<span class=\"jet-button__label\">RESERVAR UM CHAL\u00c9<\/span>\t\t<\/div>\n\t\t<div class=\"jet-button__state jet-button__state-hover\">\n\t\t\t<span class=\"jet-button__label\">RESERVAR UM CHAL\u00c9<\/span>\t\t<\/div>\n\t<\/a>\n<\/div>\n<\/div>\t\t\t\t<\/div>\n\t\t\t\t<\/div>\n\t\t\t\t<\/div>\n\t\t<div class=\"elementor-element elementor-element-29c0384 e-con-full container-principal e-flex e-con e-child\" data-id=\"29c0384\" data-element_type=\"container\" data-e-type=\"container\" data-settings=\"{&quot;jet_parallax_layout_list&quot;:[]}\">\n\t\t<div class=\"elementor-element elementor-element-14bf6a2 e-con-full e-flex e-con e-child\" data-id=\"14bf6a2\" data-element_type=\"container\" data-e-type=\"container\" data-settings=\"{&quot;jet_parallax_layout_list&quot;:[],&quot;background_background&quot;:&quot;classic&quot;}\">\n\t\t\t\t<div class=\"elementor-element elementor-element-ca79ade elementor-widget elementor-widget-image\" data-id=\"ca79ade\" data-element_type=\"widget\" data-e-type=\"widget\" data-widget_type=\"image.default\">\n\t\t\t\t\t\t\t\t\t\t\t\t\t\t\t<img alt=\"\" loading=\"lazy\" decoding=\"async\" width=\"800\" height=\"600\" src=\"https:\/\/chaledaspedraspb.com.br\/wp-content\/uploads\/2025\/12\/381590545_968265710915954_3056755439013151069_n-1024x768.avif\" class=\"attachment-large size-large wp-image-697\" srcset=\"https:\/\/chaledaspedraspb.com.br\/wp-content\/uploads\/2025\/12\/381590545_968265710915954_3056755439013151069_n-1024x768.avif 1024w, https:\/\/chaledaspedraspb.com.br\/wp-content\/uploads\/2025\/12\/381590545_968265710915954_3056755439013151069_n-600x450.avif 600w, https:\/\/chaledaspedraspb.com.br\/wp-content\/uploads\/2025\/12\/381590545_968265710915954_3056755439013151069_n-300x225.avif 300w, https:\/\/chaledaspedraspb.com.br\/wp-content\/uploads\/2025\/12\/381590545_968265710915954_3056755439013151069_n-768x576.avif 768w, https:\/\/chaledaspedraspb.com.br\/wp-content\/uploads\/2025\/12\/381590545_968265710915954_3056755439013151069_n.avif 1440w\" sizes=\"(max-width: 800px) 100vw, 800px\" \/>\t\t\t\t\t\t\t\t\t\t\t\t\t\t\t<\/div>\n\t\t\t\t<\/div>\n\t\t\t\t<\/div>\n\t\t\t\t\t<\/div>\n\t\t\t\t<\/div>\n\t\t<div class=\"elementor-element elementor-element-10d45d1 e-flex e-con-boxed e-con e-parent\" data-id=\"10d45d1\" data-element_type=\"container\" data-e-type=\"container\" data-settings=\"{&quot;jet_parallax_layout_list&quot;:[]}\">\n\t\t\t\t\t<div class=\"e-con-inner\">\n\t\t\t\t\t<\/div>\n\t\t\t\t<\/div>\n\t\t\t\t<\/div>","protected":false},"excerpt":{"rendered":"<p>AGRESTE PARAIBANO A Pedra da Boca: o s\u00edmbolo do Agreste Paraibano A poucos minutos do Chal\u00e9 das Pedras, ergue-se um dos cen\u00e1rios mais impressionantes do Nordeste: a Pedra da Boca. Com aproximadamente 336 metros de altura, essa forma\u00e7\u00e3o rochosa monumental d\u00e1 nome ao Parque Estadual da Pedra da Boca, uma \u00e1rea de preserva\u00e7\u00e3o ambiental que [&hellip;]<\/p>\n","protected":false},"author":1,"featured_media":0,"parent":0,"menu_order":0,"comment_status":"closed","ping_status":"closed","template":"elementor_theme","meta":{"_seopress_robots_primary_cat":"","_seopress_titles_title":"","_seopress_titles_desc":"","_seopress_robots_index":"","footnotes":""},"class_list":["post-104","page","type-page","status-publish","hentry"],"_links":{"self":[{"href":"https:\/\/chaledaspedraspb.com.br\/en\/wp-json\/wp\/v2\/pages\/104","targetHints":{"allow":["GET"]}}],"collection":[{"href":"https:\/\/chaledaspedraspb.com.br\/en\/wp-json\/wp\/v2\/pages"}],"about":[{"href":"https:\/\/chaledaspedraspb.com.br\/en\/wp-json\/wp\/v2\/types\/page"}],"author":[{"embeddable":true,"href":"https:\/\/chaledaspedraspb.com.br\/en\/wp-json\/wp\/v2\/users\/1"}],"replies":[{"embeddable":true,"href":"https:\/\/chaledaspedraspb.com.br\/en\/wp-json\/wp\/v2\/comments?post=104"}],"version-history":[{"count":31,"href":"https:\/\/chaledaspedraspb.com.br\/en\/wp-json\/wp\/v2\/pages\/104\/revisions"}],"predecessor-version":[{"id":1541,"href":"https:\/\/chaledaspedraspb.com.br\/en\/wp-json\/wp\/v2\/pages\/104\/revisions\/1541"}],"wp:attachment":[{"href":"https:\/\/chaledaspedraspb.com.br\/en\/wp-json\/wp\/v2\/media?parent=104"}],"curies":[{"name":"wp","href":"https:\/\/api.w.org\/{rel}","templated":true}]}}