{"id":17,"date":"2025-11-01T03:43:23","date_gmt":"2025-11-01T03:43:23","guid":{"rendered":"https:\/\/chaledaspedraspb.com.br\/my-account\/"},"modified":"2025-12-26T01:24:19","modified_gmt":"2025-12-26T01:24:19","slug":"my-account","status":"publish","type":"page","link":"https:\/\/chaledaspedraspb.com.br\/en\/my-account\/","title":{"rendered":"Minha Conta"},"content":{"rendered":"<div data-elementor-type=\"wp-page\" data-elementor-id=\"17\" class=\"elementor elementor-17\" data-elementor-post-type=\"page\">\n\t\t\t\t<div class=\"elementor-element elementor-element-232e8f5 e-flex e-con-boxed e-con e-parent\" data-id=\"232e8f5\" data-element_type=\"container\" data-e-type=\"container\" data-settings=\"{&quot;background_background&quot;:&quot;classic&quot;,&quot;jet_parallax_layout_list&quot;:[]}\">\n\t\t\t\t\t<div class=\"e-con-inner\">\n\t\t\t\t<div class=\"elementor-element elementor-element-7e92d53 elementor-widget elementor-widget-heading\" data-id=\"7e92d53\" data-element_type=\"widget\" data-e-type=\"widget\" data-widget_type=\"heading.default\">\n\t\t\t\t\t<h2 class=\"elementor-heading-title elementor-size-default\">Minha conta<\/h2>\t\t\t\t<\/div>\n\t\t\t\t\t<\/div>\n\t\t\t\t<\/div>\n\t\t<div class=\"elementor-element elementor-element-afc9882 e-flex e-con-boxed e-con e-parent\" data-id=\"afc9882\" data-element_type=\"container\" data-e-type=\"container\" data-settings=\"{&quot;jet_parallax_layout_list&quot;:[]}\">\n\t\t\t\t\t<div class=\"e-con-inner\">\n\t\t\t\t<div class=\"elementor-element elementor-element-cd83212 e-my-account-tabs-vertical elementor-widget elementor-widget-woocommerce-my-account\" data-id=\"cd83212\" data-element_type=\"widget\" data-e-type=\"widget\" data-widget_type=\"woocommerce-my-account.default\">\n\t\t\t\t\t<div class=\"e-my-account-tab e-my-account-tab__\">\t\t\t<div class=\"woocommerce\"><\/div>\t\t<\/div>\n\t\t\t\t\t\t<\/div>\n\t\t\t\t\t<\/div>\n\t\t\t\t<\/div>\n\t\t<div class=\"elementor-element elementor-element-33e9042 e-flex e-con-boxed e-con e-parent\" data-id=\"33e9042\" data-element_type=\"container\" data-e-type=\"container\" data-settings=\"{&quot;jet_parallax_layout_list&quot;:[]}\">\n\t\t\t\t\t<div class=\"e-con-inner\">\n\t\t\t\t\t<\/div>\n\t\t\t\t<\/div>\n\t\t\t\t<\/div>","protected":false},"excerpt":{"rendered":"<p>Minha conta Painel de Controle Minhas reservas Endere\u00e7os M\u00e9todos de pagamento Detalhes da conta Bookings Sair Ol\u00e1, chaledaspedraspb (n\u00e3o \u00e9 chaledaspedraspb? Sair) A partir do painel de controle de sua conta, voc\u00ea pode ver suas compras recentes, gerenciar seus endere\u00e7os de entrega e cobran\u00e7a, e editar sua senha e detalhes da conta.<\/p>","protected":false},"author":1,"featured_media":0,"parent":0,"menu_order":0,"comment_status":"closed","ping_status":"closed","template":"elementor_header_footer","meta":{"_seopress_robots_primary_cat":"","_seopress_titles_title":"","_seopress_titles_desc":"","_seopress_robots_index":"","footnotes":""},"class_list":["post-17","page","type-page","status-publish","hentry"],"_links":{"self":[{"href":"https:\/\/chaledaspedraspb.com.br\/en\/wp-json\/wp\/v2\/pages\/17","targetHints":{"allow":["GET"]}}],"collection":[{"href":"https:\/\/chaledaspedraspb.com.br\/en\/wp-json\/wp\/v2\/pages"}],"about":[{"href":"https:\/\/chaledaspedraspb.com.br\/en\/wp-json\/wp\/v2\/types\/page"}],"author":[{"embeddable":true,"href":"https:\/\/chaledaspedraspb.com.br\/en\/wp-json\/wp\/v2\/users\/1"}],"replies":[{"embeddable":true,"href":"https:\/\/chaledaspedraspb.com.br\/en\/wp-json\/wp\/v2\/comments?post=17"}],"version-history":[{"count":48,"href":"https:\/\/chaledaspedraspb.com.br\/en\/wp-json\/wp\/v2\/pages\/17\/revisions"}],"predecessor-version":[{"id":1922,"href":"https:\/\/chaledaspedraspb.com.br\/en\/wp-json\/wp\/v2\/pages\/17\/revisions\/1922"}],"wp:attachment":[{"href":"https:\/\/chaledaspedraspb.com.br\/en\/wp-json\/wp\/v2\/media?parent=17"}],"curies":[{"name":"wp","href":"https:\/\/api.w.org\/{rel}","templated":true}]}}